{"id":494,"date":"2024-07-30T23:31:37","date_gmt":"2024-07-30T23:31:37","guid":{"rendered":"https:\/\/hiperbulia.pl\/?page_id=494"},"modified":"2024-08-30T20:31:45","modified_gmt":"2024-08-30T20:31:45","slug":"ksk","status":"publish","type":"page","link":"https:\/\/hiperbulia.pl\/index.php\/ksk\/","title":{"rendered":"KSK"},"content":{"rendered":"\n<h2 class=\"wp-block-heading has-text-align-center\">Ko\u0142o socjologii krytycznej<\/h2>\n\n\n\n<p class=\"has-text-align-center\">W ramach motywacji do zapoznania si\u0119 z lekturami wychodz\u0105cymi poza program naszych studi\u00f3w oraz do stworzenia podwalin pod ko\u0142o naukowe, za\u0142o\u017cyli\u015bmy k\u00f3\u0142ko czytelnicze po\u015bwi\u0119cone przede wszystkim socjologii, filozofii i teorii krytycznej (lub czymkolwiek, co nas zainteresuje). Zapraszamy wszystkich zaciekawionych \u2013 je\u015bli chcesz do nas do\u0142\u0105czy\u0107, napisz do nas maila lub wiadomo\u015b\u0107 na naszych mediach spo\u0142eczno\u015bciowych!<\/p>\n\n\n\n<hr class=\"wp-block-separator has-alpha-channel-opacity\"\/>\n\n\n\n<h5 class=\"wp-block-heading has-text-align-center\">Nast\u0119pne spotkanie: 10.09.2024<\/h5>\n\n\n\n<h6 class=\"wp-block-heading has-text-align-center\">MARK FISHER &#8211; &#8222;realizm kapitalistyczny. Czy nie ma alternatywy?&#8221;<\/h6>\n\n\n\n<hr class=\"wp-block-separator has-alpha-channel-opacity\"\/>\n\n\n\n<h5 class=\"wp-block-heading has-text-align-center\">W planach<\/h5>\n\n\n\n<ul class=\"wp-block-list\">\n<li>Byung-Chul Han \u2013 \u201eSpo\u0142ecze\u0144stwo Zm\u0119czenia\u201d<\/li>\n<\/ul>\n\n\n\n<p class=\"has-text-align-center\"><em>przyjmujemy polecajki ;^)<\/em><\/p>\n\n\n\n<hr class=\"wp-block-separator has-alpha-channel-opacity\"\/>\n\n\n\n<h5 class=\"wp-block-heading has-text-align-center\">Przeczytane<\/h5>\n\n\n\n<details class=\"wp-block-details is-layout-flow wp-block-details-is-layout-flow\"><summary>Zygmunt Bauman &#8211; &#8222;Obcy u naszych drzwi&#8221; |02.08.2024<\/summary>\n<figure class=\"wp-block-image size-large is-resized\"><img loading=\"lazy\" decoding=\"async\" width=\"724\" height=\"1024\" src=\"http:\/\/hiperbulia.pl\/wp-content\/uploads\/2024\/07\/OtworzyszBauman-724x1024.png\" alt=\"\" class=\"wp-image-488\" style=\"width:650px;height:auto\" srcset=\"https:\/\/hiperbulia.pl\/wp-content\/uploads\/2024\/07\/OtworzyszBauman-724x1024.png 724w, https:\/\/hiperbulia.pl\/wp-content\/uploads\/2024\/07\/OtworzyszBauman-212x300.png 212w, https:\/\/hiperbulia.pl\/wp-content\/uploads\/2024\/07\/OtworzyszBauman-768x1086.png 768w, https:\/\/hiperbulia.pl\/wp-content\/uploads\/2024\/07\/OtworzyszBauman-1086x1536.png 1086w, https:\/\/hiperbulia.pl\/wp-content\/uploads\/2024\/07\/OtworzyszBauman-1448x2048.png 1448w\" sizes=\"auto, (max-width: 724px) 100vw, 724px\" \/><\/figure>\n<\/details>\n\n\n\n<p><\/p>\n","protected":false},"excerpt":{"rendered":"<p>Ko\u0142o socjologii krytycznej W ramach motywacji do zapoznania si\u0119 z lekturami wychodz\u0105cymi poza program naszych studi\u00f3w oraz do stworzenia podwalin pod ko\u0142o naukowe, za\u0142o\u017cyli\u015bmy k\u00f3\u0142ko czytelnicze po\u015bwi\u0119cone przede wszystkim socjologii, filozofii i teorii krytycznej (lub czymkolwiek, co nas zainteresuje). Zapraszamy wszystkich zaciekawionych \u2013 je\u015bli chcesz do nas do\u0142\u0105czy\u0107, napisz do nas maila lub wiadomo\u015b\u0107 na [&hellip;]<\/p>\n","protected":false},"author":3,"featured_media":0,"parent":0,"menu_order":0,"comment_status":"closed","ping_status":"closed","template":"","meta":{"footnotes":""},"class_list":["post-494","page","type-page","status-publish","hentry"],"_links":{"self":[{"href":"https:\/\/hiperbulia.pl\/index.php\/wp-json\/wp\/v2\/pages\/494","targetHints":{"allow":["GET"]}}],"collection":[{"href":"https:\/\/hiperbulia.pl\/index.php\/wp-json\/wp\/v2\/pages"}],"about":[{"href":"https:\/\/hiperbulia.pl\/index.php\/wp-json\/wp\/v2\/types\/page"}],"author":[{"embeddable":true,"href":"https:\/\/hiperbulia.pl\/index.php\/wp-json\/wp\/v2\/users\/3"}],"replies":[{"embeddable":true,"href":"https:\/\/hiperbulia.pl\/index.php\/wp-json\/wp\/v2\/comments?post=494"}],"version-history":[{"count":5,"href":"https:\/\/hiperbulia.pl\/index.php\/wp-json\/wp\/v2\/pages\/494\/revisions"}],"predecessor-version":[{"id":527,"href":"https:\/\/hiperbulia.pl\/index.php\/wp-json\/wp\/v2\/pages\/494\/revisions\/527"}],"wp:attachment":[{"href":"https:\/\/hiperbulia.pl\/index.php\/wp-json\/wp\/v2\/media?parent=494"}],"curies":[{"name":"wp","href":"https:\/\/api.w.org\/{rel}","templated":true}]}}