{"id":277,"date":"2023-09-10T14:23:00","date_gmt":"2023-09-10T14:23:00","guid":{"rendered":"https:\/\/hiperbulia.pl\/?page_id=277"},"modified":"2023-09-10T14:32:15","modified_gmt":"2023-09-10T14:32:15","slug":"projekt-etnografika","status":"publish","type":"page","link":"https:\/\/hiperbulia.pl\/index.php\/projekt-etnografika\/","title":{"rendered":"Projekt &#8222;etnoGRAFIKA&#8221;"},"content":{"rendered":"\n<hr class=\"wp-block-separator has-alpha-channel-opacity\"\/>\n\n\n\n<p>Projekt &#8222;etnoGRAFIKA&#8221; jest w zasadzie drobiazgiem, kt\u00f3rym chc\u0119 podzieli\u0107 si\u0119 z innymi. Jednym z moich hobby jest przegl\u0105danie map i odkrywanie historii, jakie w sobie kryj\u0105.  Niestety, nie wszystkie odnalezione przeze mnie miejsca maj\u0105 w sobie wystarczaj\u0105c\u0105 ilo\u015b\u0107 materii, aby wyeksponowa\u0107 je na sztaludze osobnego artyku\u0142u czy projektu. Schemat &#8222;etnoGRAFIKI&#8221; pozwala mi na przedstawienie ma\u0142ych szczeg\u00f3\u0142\u00f3w, kt\u00f3re sprawiaj\u0105, \u017ce warto jest by\u0107 ciekawym \u015bwiata.<\/p>\n\n\n<div class=\"has-text-align-left wp-block-post-author-name\">Monni<\/div>\n\n\n<hr class=\"wp-block-separator has-alpha-channel-opacity\"\/>\n\n\n\n<p>    <\/p>\n\n\n\n<h2 class=\"wp-block-heading has-text-align-center\">Galeria<\/h2>\n\n\n\n<figure class=\"wp-block-gallery alignwide has-nested-images columns-default is-cropped wp-block-gallery-1 is-layout-flex wp-block-gallery-is-layout-flex\">\n<figure class=\"wp-block-image size-large\"><img loading=\"lazy\" decoding=\"async\" width=\"1024\" height=\"1024\" data-id=\"279\" src=\"http:\/\/hiperbulia.pl\/wp-content\/uploads\/2023\/09\/etnoGRAFIKAZleMieso1-1-1024x1024.png\" alt=\"\" class=\"wp-image-279\" srcset=\"https:\/\/hiperbulia.pl\/wp-content\/uploads\/2023\/09\/etnoGRAFIKAZleMieso1-1-1024x1024.png 1024w, https:\/\/hiperbulia.pl\/wp-content\/uploads\/2023\/09\/etnoGRAFIKAZleMieso1-1-300x300.png 300w, https:\/\/hiperbulia.pl\/wp-content\/uploads\/2023\/09\/etnoGRAFIKAZleMieso1-1-150x150.png 150w, https:\/\/hiperbulia.pl\/wp-content\/uploads\/2023\/09\/etnoGRAFIKAZleMieso1-1-768x768.png 768w, https:\/\/hiperbulia.pl\/wp-content\/uploads\/2023\/09\/etnoGRAFIKAZleMieso1-1.png 1080w\" sizes=\"auto, (max-width: 1024px) 100vw, 1024px\" \/><\/figure>\n\n\n\n<figure class=\"wp-block-image size-large\"><img loading=\"lazy\" decoding=\"async\" width=\"1024\" height=\"1024\" data-id=\"280\" src=\"https:\/\/hiperbulia.pl\/wp-content\/uploads\/2023\/09\/etnoGRAFIKAZleMieso2-1024x1024.png\" alt=\"\" class=\"wp-image-280\" srcset=\"https:\/\/hiperbulia.pl\/wp-content\/uploads\/2023\/09\/etnoGRAFIKAZleMieso2-1024x1024.png 1024w, https:\/\/hiperbulia.pl\/wp-content\/uploads\/2023\/09\/etnoGRAFIKAZleMieso2-300x300.png 300w, https:\/\/hiperbulia.pl\/wp-content\/uploads\/2023\/09\/etnoGRAFIKAZleMieso2-150x150.png 150w, https:\/\/hiperbulia.pl\/wp-content\/uploads\/2023\/09\/etnoGRAFIKAZleMieso2-768x768.png 768w, https:\/\/hiperbulia.pl\/wp-content\/uploads\/2023\/09\/etnoGRAFIKAZleMieso2.png 1080w\" sizes=\"auto, (max-width: 1024px) 100vw, 1024px\" \/><\/figure>\n<\/figure>\n\n\n\n<figure class=\"wp-block-gallery alignwide has-nested-images columns-default is-cropped wp-block-gallery-2 is-layout-flex wp-block-gallery-is-layout-flex\">\n<figure class=\"wp-block-image size-large\"><img loading=\"lazy\" decoding=\"async\" width=\"1024\" height=\"1024\" data-id=\"284\" src=\"https:\/\/hiperbulia.pl\/wp-content\/uploads\/2023\/09\/etnoGRAFIKAGolab1-1024x1024.png\" alt=\"\" class=\"wp-image-284\" srcset=\"https:\/\/hiperbulia.pl\/wp-content\/uploads\/2023\/09\/etnoGRAFIKAGolab1-1024x1024.png 1024w, https:\/\/hiperbulia.pl\/wp-content\/uploads\/2023\/09\/etnoGRAFIKAGolab1-300x300.png 300w, https:\/\/hiperbulia.pl\/wp-content\/uploads\/2023\/09\/etnoGRAFIKAGolab1-150x150.png 150w, https:\/\/hiperbulia.pl\/wp-content\/uploads\/2023\/09\/etnoGRAFIKAGolab1-768x768.png 768w, https:\/\/hiperbulia.pl\/wp-content\/uploads\/2023\/09\/etnoGRAFIKAGolab1.png 1080w\" sizes=\"auto, (max-width: 1024px) 100vw, 1024px\" \/><\/figure>\n\n\n\n<figure class=\"wp-block-image size-large\"><img loading=\"lazy\" decoding=\"async\" width=\"1024\" height=\"1024\" data-id=\"285\" src=\"https:\/\/hiperbulia.pl\/wp-content\/uploads\/2023\/09\/etnoGRAFIKAGolab2-1024x1024.png\" alt=\"\" class=\"wp-image-285\" srcset=\"https:\/\/hiperbulia.pl\/wp-content\/uploads\/2023\/09\/etnoGRAFIKAGolab2-1024x1024.png 1024w, https:\/\/hiperbulia.pl\/wp-content\/uploads\/2023\/09\/etnoGRAFIKAGolab2-300x300.png 300w, https:\/\/hiperbulia.pl\/wp-content\/uploads\/2023\/09\/etnoGRAFIKAGolab2-150x150.png 150w, https:\/\/hiperbulia.pl\/wp-content\/uploads\/2023\/09\/etnoGRAFIKAGolab2-768x768.png 768w, https:\/\/hiperbulia.pl\/wp-content\/uploads\/2023\/09\/etnoGRAFIKAGolab2.png 1080w\" sizes=\"auto, (max-width: 1024px) 100vw, 1024px\" \/><\/figure>\n<\/figure>\n\n\n\n<figure class=\"wp-block-gallery alignwide has-nested-images columns-default is-cropped wp-block-gallery-3 is-layout-flex wp-block-gallery-is-layout-flex\">\n<figure class=\"wp-block-image size-large\"><img loading=\"lazy\" decoding=\"async\" width=\"1024\" height=\"1024\" data-id=\"288\" src=\"https:\/\/hiperbulia.pl\/wp-content\/uploads\/2023\/09\/etnoGRAFIKABuszkowo1-1024x1024.png\" alt=\"\" class=\"wp-image-288\" srcset=\"https:\/\/hiperbulia.pl\/wp-content\/uploads\/2023\/09\/etnoGRAFIKABuszkowo1-1024x1024.png 1024w, https:\/\/hiperbulia.pl\/wp-content\/uploads\/2023\/09\/etnoGRAFIKABuszkowo1-300x300.png 300w, https:\/\/hiperbulia.pl\/wp-content\/uploads\/2023\/09\/etnoGRAFIKABuszkowo1-150x150.png 150w, https:\/\/hiperbulia.pl\/wp-content\/uploads\/2023\/09\/etnoGRAFIKABuszkowo1-768x768.png 768w, https:\/\/hiperbulia.pl\/wp-content\/uploads\/2023\/09\/etnoGRAFIKABuszkowo1.png 1080w\" sizes=\"auto, (max-width: 1024px) 100vw, 1024px\" \/><\/figure>\n\n\n\n<figure class=\"wp-block-image size-large\"><img loading=\"lazy\" decoding=\"async\" width=\"1024\" height=\"1024\" data-id=\"293\" src=\"https:\/\/hiperbulia.pl\/wp-content\/uploads\/2023\/09\/etnoGRAFIKABuszkowo2-1-1024x1024.png\" alt=\"\" class=\"wp-image-293\" srcset=\"https:\/\/hiperbulia.pl\/wp-content\/uploads\/2023\/09\/etnoGRAFIKABuszkowo2-1-1024x1024.png 1024w, https:\/\/hiperbulia.pl\/wp-content\/uploads\/2023\/09\/etnoGRAFIKABuszkowo2-1-300x300.png 300w, https:\/\/hiperbulia.pl\/wp-content\/uploads\/2023\/09\/etnoGRAFIKABuszkowo2-1-150x150.png 150w, https:\/\/hiperbulia.pl\/wp-content\/uploads\/2023\/09\/etnoGRAFIKABuszkowo2-1-768x768.png 768w, https:\/\/hiperbulia.pl\/wp-content\/uploads\/2023\/09\/etnoGRAFIKABuszkowo2-1.png 1080w\" sizes=\"auto, (max-width: 1024px) 100vw, 1024px\" \/><\/figure>\n<\/figure>\n\n\n\n<figure class=\"wp-block-gallery alignwide has-nested-images columns-default is-cropped wp-block-gallery-4 is-layout-flex wp-block-gallery-is-layout-flex\">\n<figure class=\"wp-block-image size-large\"><img loading=\"lazy\" decoding=\"async\" width=\"1024\" height=\"1024\" data-id=\"290\" src=\"https:\/\/hiperbulia.pl\/wp-content\/uploads\/2023\/09\/etnoGRAFIKAAmeryka1-1024x1024.png\" alt=\"\" class=\"wp-image-290\" srcset=\"https:\/\/hiperbulia.pl\/wp-content\/uploads\/2023\/09\/etnoGRAFIKAAmeryka1-1024x1024.png 1024w, https:\/\/hiperbulia.pl\/wp-content\/uploads\/2023\/09\/etnoGRAFIKAAmeryka1-300x300.png 300w, https:\/\/hiperbulia.pl\/wp-content\/uploads\/2023\/09\/etnoGRAFIKAAmeryka1-150x150.png 150w, https:\/\/hiperbulia.pl\/wp-content\/uploads\/2023\/09\/etnoGRAFIKAAmeryka1-768x768.png 768w, https:\/\/hiperbulia.pl\/wp-content\/uploads\/2023\/09\/etnoGRAFIKAAmeryka1.png 1080w\" sizes=\"auto, (max-width: 1024px) 100vw, 1024px\" \/><\/figure>\n\n\n\n<figure class=\"wp-block-image size-large\"><img loading=\"lazy\" decoding=\"async\" width=\"1024\" height=\"1024\" data-id=\"291\" src=\"https:\/\/hiperbulia.pl\/wp-content\/uploads\/2023\/09\/etnoGRAFIKAAmeryka2-1024x1024.png\" alt=\"\" class=\"wp-image-291\" srcset=\"https:\/\/hiperbulia.pl\/wp-content\/uploads\/2023\/09\/etnoGRAFIKAAmeryka2-1024x1024.png 1024w, https:\/\/hiperbulia.pl\/wp-content\/uploads\/2023\/09\/etnoGRAFIKAAmeryka2-300x300.png 300w, https:\/\/hiperbulia.pl\/wp-content\/uploads\/2023\/09\/etnoGRAFIKAAmeryka2-150x150.png 150w, https:\/\/hiperbulia.pl\/wp-content\/uploads\/2023\/09\/etnoGRAFIKAAmeryka2-768x768.png 768w, https:\/\/hiperbulia.pl\/wp-content\/uploads\/2023\/09\/etnoGRAFIKAAmeryka2.png 1080w\" sizes=\"auto, (max-width: 1024px) 100vw, 1024px\" \/><\/figure>\n<\/figure>\n","protected":false},"excerpt":{"rendered":"<p>Projekt &#8222;etnoGRAFIKA&#8221; jest w zasadzie drobiazgiem, kt\u00f3rym chc\u0119 podzieli\u0107 si\u0119 z innymi. Jednym z moich hobby jest przegl\u0105danie map i odkrywanie historii, jakie w sobie kryj\u0105. Niestety, nie wszystkie odnalezione przeze mnie miejsca maj\u0105 w sobie wystarczaj\u0105c\u0105 ilo\u015b\u0107 materii, aby wyeksponowa\u0107 je na sztaludze osobnego artyku\u0142u czy projektu. Schemat &#8222;etnoGRAFIKI&#8221; pozwala mi na przedstawienie ma\u0142ych [&hellip;]<\/p>\n","protected":false},"author":3,"featured_media":0,"parent":0,"menu_order":0,"comment_status":"closed","ping_status":"closed","template":"","meta":{"footnotes":""},"class_list":["post-277","page","type-page","status-publish","hentry"],"_links":{"self":[{"href":"https:\/\/hiperbulia.pl\/index.php\/wp-json\/wp\/v2\/pages\/277","targetHints":{"allow":["GET"]}}],"collection":[{"href":"https:\/\/hiperbulia.pl\/index.php\/wp-json\/wp\/v2\/pages"}],"about":[{"href":"https:\/\/hiperbulia.pl\/index.php\/wp-json\/wp\/v2\/types\/page"}],"author":[{"embeddable":true,"href":"https:\/\/hiperbulia.pl\/index.php\/wp-json\/wp\/v2\/users\/3"}],"replies":[{"embeddable":true,"href":"https:\/\/hiperbulia.pl\/index.php\/wp-json\/wp\/v2\/comments?post=277"}],"version-history":[{"count":5,"href":"https:\/\/hiperbulia.pl\/index.php\/wp-json\/wp\/v2\/pages\/277\/revisions"}],"predecessor-version":[{"id":294,"href":"https:\/\/hiperbulia.pl\/index.php\/wp-json\/wp\/v2\/pages\/277\/revisions\/294"}],"wp:attachment":[{"href":"https:\/\/hiperbulia.pl\/index.php\/wp-json\/wp\/v2\/media?parent=277"}],"curies":[{"name":"wp","href":"https:\/\/api.w.org\/{rel}","templated":true}]}}