{"id":224,"date":"2023-07-12T22:59:45","date_gmt":"2023-07-12T22:59:45","guid":{"rendered":"http:\/\/hiperbulia.pl\/?page_id=224"},"modified":"2023-08-29T08:56:44","modified_gmt":"2023-08-29T08:56:44","slug":"demokratyzacja-biblioteczek","status":"publish","type":"page","link":"https:\/\/hiperbulia.pl\/index.php\/demokratyzacja-biblioteczek\/","title":{"rendered":"Demokratyzacja       Biblioteczek"},"content":{"rendered":"\n<hr class=\"wp-block-separator has-alpha-channel-opacity\"\/>\n\n\n\n<div class=\"wp-block-buttons alignwide is-content-justification-center is-layout-flex wp-container-core-buttons-is-layout-a89b3969 wp-block-buttons-is-layout-flex\">\n<div class=\"wp-block-button is-style-fill\"><a class=\"wp-block-button__link wp-element-button\" href=\"https:\/\/pl.anarchistlibraries.net\/library\/max-stirner-jedyny-i-jego-wlasnosc.pdf\" target=\"_blank\" rel=\"noreferrer noopener\">Naci\u015bnij tutaj aby pobra\u0107 ksi\u0105\u017ck\u0119!<\/a><\/div>\n<\/div>\n\n\n\n<p class=\"has-text-align-center\"><em>(shoutout anarchobiblioteka!)<\/em><\/p>\n\n\n\n<hr class=\"wp-block-separator has-alpha-channel-opacity\"\/>\n\n\n\n<p>P\u00f3\u0142ki biblioteczek plenerowych stanowi\u0105 przestrze\u0144 rozmowy mieszka\u0144c\u00f3w za pomoc\u0105 dzielonych pomi\u0119dzy sob\u0105 ksi\u0105\u017cek. Z naszych obserwacji wynika, \u017ce cz\u0119sto znajduj\u0105 si\u0119 na nich tre\u015bci zwi\u0105zane z religi\u0105 i prawicowym punktem widzenia. Postanowili\u015bmy zatem wzi\u0105\u0107 udzia\u0142 w dyskursie jaki oferuj\u0105. W ramach kontrastu, udost\u0119pniamy ka\u017cdemu zainteresowanemu ca\u0142kowicie odmienn\u0105 perspektyw\u0119. Mamy nadziej\u0119, \u017ce za\u0142\u0105czona przez nas na drugiej stronie ulotki lektura, otworzy okna biblioteczek na powiew \u015bwie\u017cego powietrza r\u00f3\u017cnorodnych my\u015bli w tej konwersacji. Kr\u00f3tki artyku\u0142 o projekcie znajduje si\u0119 w zak\u0142adce &#8222;artyku\u0142y&#8221;. <\/p>\n\n\n\n<p>\u017byczymy mi\u0142ej lektury!<\/p>\n\n\n\n<ul class=\"wp-block-list\">\n<li>kolektyw artystyczny <em>hiperbulia<\/em><\/li>\n<\/ul>\n\n\n\n<figure class=\"wp-block-image aligncenter is-resized\"><img loading=\"lazy\" decoding=\"async\" src=\"http:\/\/hiperbulia.pl\/wp-content\/uploads\/2023\/07\/P1130704-edited.jpg\" alt=\"\" class=\"wp-image-237\" style=\"width:652px;height:366px\" width=\"652\" height=\"366\" srcset=\"https:\/\/hiperbulia.pl\/wp-content\/uploads\/2023\/07\/P1130704-edited.jpg 1610w, https:\/\/hiperbulia.pl\/wp-content\/uploads\/2023\/07\/P1130704-edited-300x169.jpg 300w, https:\/\/hiperbulia.pl\/wp-content\/uploads\/2023\/07\/P1130704-edited-1024x576.jpg 1024w, https:\/\/hiperbulia.pl\/wp-content\/uploads\/2023\/07\/P1130704-edited-768x432.jpg 768w, https:\/\/hiperbulia.pl\/wp-content\/uploads\/2023\/07\/P1130704-edited-1536x864.jpg 1536w\" sizes=\"auto, (max-width: 652px) 100vw, 652px\" \/><figcaption class=\"wp-element-caption\">Ona by\u0142a jedyn\u0105&#8230;<\/figcaption><\/figure>\n","protected":false},"excerpt":{"rendered":"<p>(shoutout anarchobiblioteka!) P\u00f3\u0142ki biblioteczek plenerowych stanowi\u0105 przestrze\u0144 rozmowy mieszka\u0144c\u00f3w za pomoc\u0105 dzielonych pomi\u0119dzy sob\u0105 ksi\u0105\u017cek. Z naszych obserwacji wynika, \u017ce cz\u0119sto znajduj\u0105 si\u0119 na nich tre\u015bci zwi\u0105zane z religi\u0105 i prawicowym punktem widzenia. Postanowili\u015bmy zatem wzi\u0105\u0107 udzia\u0142 w dyskursie jaki oferuj\u0105. W ramach kontrastu, udost\u0119pniamy ka\u017cdemu zainteresowanemu ca\u0142kowicie odmienn\u0105 perspektyw\u0119. Mamy nadziej\u0119, \u017ce za\u0142\u0105czona przez [&hellip;]<\/p>\n","protected":false},"author":3,"featured_media":0,"parent":0,"menu_order":0,"comment_status":"closed","ping_status":"closed","template":"","meta":{"footnotes":""},"class_list":["post-224","page","type-page","status-publish","hentry"],"_links":{"self":[{"href":"https:\/\/hiperbulia.pl\/index.php\/wp-json\/wp\/v2\/pages\/224","targetHints":{"allow":["GET"]}}],"collection":[{"href":"https:\/\/hiperbulia.pl\/index.php\/wp-json\/wp\/v2\/pages"}],"about":[{"href":"https:\/\/hiperbulia.pl\/index.php\/wp-json\/wp\/v2\/types\/page"}],"author":[{"embeddable":true,"href":"https:\/\/hiperbulia.pl\/index.php\/wp-json\/wp\/v2\/users\/3"}],"replies":[{"embeddable":true,"href":"https:\/\/hiperbulia.pl\/index.php\/wp-json\/wp\/v2\/comments?post=224"}],"version-history":[{"count":9,"href":"https:\/\/hiperbulia.pl\/index.php\/wp-json\/wp\/v2\/pages\/224\/revisions"}],"predecessor-version":[{"id":267,"href":"https:\/\/hiperbulia.pl\/index.php\/wp-json\/wp\/v2\/pages\/224\/revisions\/267"}],"wp:attachment":[{"href":"https:\/\/hiperbulia.pl\/index.php\/wp-json\/wp\/v2\/media?parent=224"}],"curies":[{"name":"wp","href":"https:\/\/api.w.org\/{rel}","templated":true}]}}