{"id":14,"date":"2023-06-22T01:19:55","date_gmt":"2023-06-22T01:19:55","guid":{"rendered":"http:\/\/hiperbulia.pl\/?page_id=14"},"modified":"2024-08-01T08:35:47","modified_gmt":"2024-08-01T08:35:47","slug":"projekty","status":"publish","type":"page","link":"https:\/\/hiperbulia.pl\/index.php\/projekty\/","title":{"rendered":"Projekty:"},"content":{"rendered":"\n<ul class=\"wp-block-list\">\n<li><a href=\"http:\/\/hiperbulia.pl\/index.php\/demokratyzacja-biblioteczek\/\">Demokratyzacja Biblioteczek<\/a><\/li>\n\n\n\n<li><a href=\"https:\/\/hiperbulia.pl\/index.php\/projekt-etnografika\/\">etnoGRAFIKA<\/a><\/li>\n\n\n\n<li><a href=\"https:\/\/hiperbulia.pl\/index.php\/kto-rano-pyta-temu-kandydat-odpowiada\/\" data-type=\"link\" data-id=\"https:\/\/hiperbulia.pl\/index.php\/kto-rano-pyta-temu-kandydat-odpowiada\/\">Kto rano pyta, temu kandydat odpowiada<\/a><\/li>\n\n\n\n<li><a href=\"https:\/\/hiperbulia.pl\/index.php\/cos-mi-sie-odkleilo\/\" data-type=\"page\" data-id=\"391\">Co\u015b mi si\u0119 odklei\u0142o&#8230;<\/a><\/li>\n\n\n\n<li><a href=\"https:\/\/hiperbulia.pl\/index.php\/pokaz-dworcu-co-masz-w-srodku\/\">Poka\u017c dworcu co masz w \u015brodku<\/a><\/li>\n<\/ul>\n\n\n\n<figure class=\"wp-block-image aligncenter size-large\"><img loading=\"lazy\" decoding=\"async\" width=\"2560\" height=\"1440\" src=\"https:\/\/hiperbulia.pl\/wp-content\/uploads\/2023\/06\/P1130699-edited-scaled.jpg\" alt=\"\" class=\"wp-image-175\" srcset=\"https:\/\/hiperbulia.pl\/wp-content\/uploads\/2023\/06\/P1130699-edited-scaled.jpg 2560w, https:\/\/hiperbulia.pl\/wp-content\/uploads\/2023\/06\/P1130699-edited-300x169.jpg 300w, https:\/\/hiperbulia.pl\/wp-content\/uploads\/2023\/06\/P1130699-edited-1024x576.jpg 1024w, https:\/\/hiperbulia.pl\/wp-content\/uploads\/2023\/06\/P1130699-edited-768x432.jpg 768w, https:\/\/hiperbulia.pl\/wp-content\/uploads\/2023\/06\/P1130699-edited-1536x864.jpg 1536w, https:\/\/hiperbulia.pl\/wp-content\/uploads\/2023\/06\/P1130699-edited-2048x1152.jpg 2048w\" sizes=\"auto, (max-width: 2560px) 100vw, 2560px\" \/><figcaption class=\"wp-element-caption\">Folwark zwierz\u0119cy jest taki g\u0142\u0119boki&#8230;<\/figcaption><\/figure>\n\n\n\n<p><\/p>\n","protected":false},"excerpt":{"rendered":"","protected":false},"author":1,"featured_media":0,"parent":0,"menu_order":0,"comment_status":"closed","ping_status":"closed","template":"","meta":{"footnotes":""},"class_list":["post-14","page","type-page","status-publish","hentry"],"_links":{"self":[{"href":"https:\/\/hiperbulia.pl\/index.php\/wp-json\/wp\/v2\/pages\/14","targetHints":{"allow":["GET"]}}],"collection":[{"href":"https:\/\/hiperbulia.pl\/index.php\/wp-json\/wp\/v2\/pages"}],"about":[{"href":"https:\/\/hiperbulia.pl\/index.php\/wp-json\/wp\/v2\/types\/page"}],"author":[{"embeddable":true,"href":"https:\/\/hiperbulia.pl\/index.php\/wp-json\/wp\/v2\/users\/1"}],"replies":[{"embeddable":true,"href":"https:\/\/hiperbulia.pl\/index.php\/wp-json\/wp\/v2\/comments?post=14"}],"version-history":[{"count":11,"href":"https:\/\/hiperbulia.pl\/index.php\/wp-json\/wp\/v2\/pages\/14\/revisions"}],"predecessor-version":[{"id":508,"href":"https:\/\/hiperbulia.pl\/index.php\/wp-json\/wp\/v2\/pages\/14\/revisions\/508"}],"wp:attachment":[{"href":"https:\/\/hiperbulia.pl\/index.php\/wp-json\/wp\/v2\/media?parent=14"}],"curies":[{"name":"wp","href":"https:\/\/api.w.org\/{rel}","templated":true}]}}