{"id":12,"date":"2023-06-22T01:19:44","date_gmt":"2023-06-22T01:19:44","guid":{"rendered":"http:\/\/hiperbulia.pl\/?page_id=12"},"modified":"2023-06-23T00:20:23","modified_gmt":"2023-06-23T00:20:23","slug":"artykuly","status":"publish","type":"page","link":"https:\/\/hiperbulia.pl\/index.php\/artykuly\/","title":{"rendered":"Artyku\u0142y"},"content":{"rendered":"\n<div class=\"wp-block-query is-layout-flow wp-block-query-is-layout-flow\"><ul class=\"wp-block-post-template is-layout-flow wp-block-post-template-is-layout-flow\"><li class=\"wp-block-post post-397 post type-post status-publish format-standard hentry category-uncategorized\">\n\n<div class=\"wp-block-group is-content-justification-left is-nowrap is-layout-flex wp-container-core-group-is-layout-56a17a74 wp-block-group-is-layout-flex\"><h2 class=\"has-text-align-left has-link-color wp-elements-0410642ede66b42b1c5ce012f5c4f9b8 wp-block-post-title\"><a href=\"https:\/\/hiperbulia.pl\/index.php\/2024\/07\/13\/list-do-carrefour-letter-to-carrefour\/\" target=\"_self\" >List do Carrefour \/ Letter to Carrefour<\/a><\/h2>\n\n<div class=\"has-text-align-left wp-block-post-author-name\">Monni<\/div><\/div>\n\n<\/li><li class=\"wp-block-post post-297 post type-post status-publish format-standard hentry category-uncategorized\">\n\n<div class=\"wp-block-group is-content-justification-left is-nowrap is-layout-flex wp-container-core-group-is-layout-56a17a74 wp-block-group-is-layout-flex\"><h2 class=\"has-text-align-left has-link-color wp-elements-0410642ede66b42b1c5ce012f5c4f9b8 wp-block-post-title\"><a href=\"https:\/\/hiperbulia.pl\/index.php\/2023\/10\/09\/burn-monsieur-dior\/\" target=\"_self\" >Burn Monsieur Dior &#8211; feministyczna analiza \u201eNew Look\u201d Christiana Diora<\/a><\/h2>\n\n<div class=\"has-text-align-left wp-block-post-author-name\">Lahna<\/div><\/div>\n\n<\/li><li class=\"wp-block-post post-271 post type-post status-publish format-standard hentry category-uncategorized\">\n\n<div class=\"wp-block-group is-content-justification-left is-nowrap is-layout-flex wp-container-core-group-is-layout-56a17a74 wp-block-group-is-layout-flex\"><h2 class=\"has-text-align-left has-link-color wp-elements-0410642ede66b42b1c5ce012f5c4f9b8 wp-block-post-title\"><a href=\"https:\/\/hiperbulia.pl\/index.php\/2023\/09\/05\/godzine-dluzej-list-otwarty-do-polskich-instytucji-kultury\/\" target=\"_self\" >&#8222;Godzin\u0119 d\u0142u\u017cej&#8221; &#8211; list otwarty do polskich instytucji kultury.<\/a><\/h2>\n\n<div class=\"has-text-align-left wp-block-post-author-name\">Monni<\/div><\/div>\n\n<\/li><\/ul>\n\n<nav class=\"wp-block-query-pagination is-layout-flex wp-block-query-pagination-is-layout-flex\" aria-label=\"Stronicowanie\">\n\n\n<div class=\"wp-block-query-pagination-numbers\"><span aria-current=\"page\" class=\"page-numbers current\">1<\/span>\n<a class=\"page-numbers\" href=\"?query-37-page=2\">2<\/a><\/div>\n\n<a href=\"\/index.php\/wp-json\/wp\/v2\/pages\/12?query-37-page=2\" class=\"wp-block-query-pagination-next\">Nast\u0119pna strona<\/a>\n<\/nav><\/div>\n\n\n\n<figure class=\"wp-block-image size-large\"><img loading=\"lazy\" decoding=\"async\" width=\"1024\" height=\"576\" src=\"https:\/\/hiperbulia.pl\/wp-content\/uploads\/2023\/06\/P1130690-1024x576.jpg\" alt=\"\" class=\"wp-image-148\" srcset=\"https:\/\/hiperbulia.pl\/wp-content\/uploads\/2023\/06\/P1130690-1024x576.jpg 1024w, https:\/\/hiperbulia.pl\/wp-content\/uploads\/2023\/06\/P1130690-300x169.jpg 300w, https:\/\/hiperbulia.pl\/wp-content\/uploads\/2023\/06\/P1130690-768x432.jpg 768w, https:\/\/hiperbulia.pl\/wp-content\/uploads\/2023\/06\/P1130690-1536x864.jpg 1536w, https:\/\/hiperbulia.pl\/wp-content\/uploads\/2023\/06\/P1130690-2048x1152.jpg 2048w\" sizes=\"auto, (max-width: 1024px) 100vw, 1024px\" \/><\/figure>\n\n\n\n<p class=\"has-text-align-center\">(Mail ka\u017cdego z autor\u00f3w jest w zak\u0142adce &#8222;o nas&#8221; :33)<\/p>\n","protected":false},"excerpt":{"rendered":"<p>(Mail ka\u017cdego z autor\u00f3w jest w zak\u0142adce &#8222;o nas&#8221; :33)<\/p>\n","protected":false},"author":1,"featured_media":0,"parent":0,"menu_order":0,"comment_status":"closed","ping_status":"closed","template":"","meta":{"footnotes":""},"class_list":["post-12","page","type-page","status-publish","hentry"],"_links":{"self":[{"href":"https:\/\/hiperbulia.pl\/index.php\/wp-json\/wp\/v2\/pages\/12","targetHints":{"allow":["GET"]}}],"collection":[{"href":"https:\/\/hiperbulia.pl\/index.php\/wp-json\/wp\/v2\/pages"}],"about":[{"href":"https:\/\/hiperbulia.pl\/index.php\/wp-json\/wp\/v2\/types\/page"}],"author":[{"embeddable":true,"href":"https:\/\/hiperbulia.pl\/index.php\/wp-json\/wp\/v2\/users\/1"}],"replies":[{"embeddable":true,"href":"https:\/\/hiperbulia.pl\/index.php\/wp-json\/wp\/v2\/comments?post=12"}],"version-history":[{"count":18,"href":"https:\/\/hiperbulia.pl\/index.php\/wp-json\/wp\/v2\/pages\/12\/revisions"}],"predecessor-version":[{"id":194,"href":"https:\/\/hiperbulia.pl\/index.php\/wp-json\/wp\/v2\/pages\/12\/revisions\/194"}],"wp:attachment":[{"href":"https:\/\/hiperbulia.pl\/index.php\/wp-json\/wp\/v2\/media?parent=12"}],"curies":[{"name":"wp","href":"https:\/\/api.w.org\/{rel}","templated":true}]}}